{"id":2733,"date":"2024-08-29T09:02:41","date_gmt":"2024-08-29T07:02:41","guid":{"rendered":"http:\/\/127.0.0.1:8080\/gac\/?page_id=2733"},"modified":"2024-08-29T09:15:42","modified_gmt":"2024-08-29T07:15:42","slug":"conseil-financier","status":"publish","type":"page","link":"https:\/\/www.gac-mgi.com\/en\/conseil-financier\/","title":{"rendered":"\u00a0FINANCIAL ENGENNERING"},"content":{"rendered":"<section class=\"wpb-content-wrapper\"><div class=\"vc_row wpb_row vc_row-fluid\"><div class=\"container\"><div class=\"row\"><div class=\"wpb_column vc_column_container vc_col-sm-12\"><div class=\"vc_column-inner\"><div class=\"wpb_wrapper\"><div class=\"dl-text-box text-center show-underline show-border\" ><h2 class=\"box-title\"><span class=\"underline\">FINANCIAL ENGENNERING<\/span><\/h2><div class=\"box-content\"><div>\n<div>In an open and competitive market economy, having quick and reliable information, mastering costs, and choosing optimal financing sources are essential prerequisites for business success.<\/div>\n<div>Our firm, leveraging the experience of its partners and staff, offers services in financial engineering, assistance with preparing forecast data, and designing dashboards.<\/div>\n<\/div>\n<\/div><\/div><\/div><\/div><\/div><\/div><\/div><\/div><div class=\"vc_row wpb_row vc_row-fluid\"><div class=\"container\"><div class=\"row\"><div class=\"wpb_column vc_column_container vc_col-sm-12\"><div class=\"vc_column-inner\"><div class=\"wpb_wrapper\"><div class=\"dl-text-box text-left show-underline show-border\" ><h2 class=\"box-title\"><span class=\"underline\">FINANCIAL INGENNERING<\/span><\/h2><div class=\"box-content\"><p style=\"font-weight: 400;\">The financial engineering covers the ensemble of the techniques and instruments developed\nby the firm in co-operation with its financial partners mainly to achieve its capital operations,\nto control its financial flows and reduce the cost of its financial resources<\/p>\n<p style=\"font-weight: 400;\"><em>GAC\u00a0<\/em>proposes to the firms its consultant\u2019s expertise in the fields of financial diagnostic, of\nfinancial strategy of operations in capital and of the management of the cash position.<\/p>\n<\/div><\/div><div class=\"dl-text-box text-left show-underline show-border\" ><h2 class=\"box-title\"><span class=\"underline\">Pr\u00e9paration des donn\u00e9es pr\u00e9visionnelles<\/span><\/h2><div class=\"box-content\"><p style=\"font-weight: 400;\">Investment, expansion, or diversification decisions primarily depend on projected profitability data. It is crucial for decision-makers (such as company leaders and shareholders) as well as funding providers (like bankers) to clearly visualize all indicators and figures resulting from the investment decision before it is executed.<\/p>\n<p style=\"font-weight: 400;\">Preparing or reviewing and approving forecast data by accounting experts lends significant credibility to the projections. At\u00a0<em>G<\/em>\u00a0<em>AC\u00a0<\/em>professionals assess the completeness and plausibility of the expenses and revenues (both nature and amounts) used for preparing the projected income statements, based on the company's historical data and its future development plan.<\/p>\n<\/div><\/div><div class=\"dl-text-box text-left show-underline show-border\" ><h2 class=\"box-title\"><span class=\"underline\">Piloting system (management control)<\/span><\/h2><div class=\"box-content\"><p style=\"font-weight: 400;\">The recent evolution of the firm structure is marked by the decentralised centre of\nresponsibility and by the multiple interactions with external agents. The decision-makers,\ninformation should, in the future, take in consideration the overall firm performances by\noffering a specific view of every function of every center.\nThe implementation of a piloting system, which is the link between the real useful information\nand the decision-maker, is the response brought by GAC.<\/p>\n<p style=\"font-weight: 400;\">The experts\u00a0<em>GAC<\/em>, in addition to assisting with the preparation of periodic reports, can help executives define key management indicators and analyze the structure of their production costs. This analysis aims to identify controllable expenses and implement measures to improve management ratios.<\/p>\n<\/div><\/div><\/div><\/div><\/div><\/div><\/div><\/div>\n<\/section>","protected":false},"excerpt":{"rendered":"CONSEIL FINANCIER Dans une \u00e9conomie de march\u00e9 ouverte et concurrentielle, la disponibilit\u00e9 d\u2019une information rapide et fiable, la ma\u00eetrise des co\u00fbts et le choix optimal des sources de financement constituent des pr\u00e9alables indispensables \u00e0 la r\u00e9ussite des entreprises. Notre cabinet, fort de l\u2019exp\u00e9rience de ses associ\u00e9s et collaborateurs, propose ses services en mati\u00e8re d\u2019ing\u00e9nierie financi\u00e8re, [...]","protected":false},"author":1,"featured_media":0,"parent":0,"menu_order":0,"comment_status":"closed","ping_status":"closed","template":"","meta":{"footnotes":""},"class_list":["post-2733","page","type-page","status-publish","hentry","no-thumb"],"_links":{"self":[{"href":"https:\/\/www.gac-mgi.com\/en\/wp-json\/wp\/v2\/pages\/2733","targetHints":{"allow":["GET"]}}],"collection":[{"href":"https:\/\/www.gac-mgi.com\/en\/wp-json\/wp\/v2\/pages"}],"about":[{"href":"https:\/\/www.gac-mgi.com\/en\/wp-json\/wp\/v2\/types\/page"}],"author":[{"embeddable":true,"href":"https:\/\/www.gac-mgi.com\/en\/wp-json\/wp\/v2\/users\/1"}],"replies":[{"embeddable":true,"href":"https:\/\/www.gac-mgi.com\/en\/wp-json\/wp\/v2\/comments?post=2733"}],"version-history":[{"count":3,"href":"https:\/\/www.gac-mgi.com\/en\/wp-json\/wp\/v2\/pages\/2733\/revisions"}],"predecessor-version":[{"id":2742,"href":"https:\/\/www.gac-mgi.com\/en\/wp-json\/wp\/v2\/pages\/2733\/revisions\/2742"}],"wp:attachment":[{"href":"https:\/\/www.gac-mgi.com\/en\/wp-json\/wp\/v2\/media?parent=2733"}],"curies":[{"name":"wp","href":"https:\/\/api.w.org\/{rel}","templated":true}]}}